{"id":27,"date":"2020-09-14T19:49:06","date_gmt":"2020-09-14T17:49:06","guid":{"rendered":"http:\/\/notaiocarlovismara.it\/site\/?page_id=27"},"modified":"2025-01-17T17:54:28","modified_gmt":"2025-01-17T16:54:28","slug":"dove-siamo","status":"publish","type":"page","link":"http:\/\/notaiocarlovismara.it\/site\/dove-siamo\/","title":{"rendered":"Dove siamo"},"content":{"rendered":"\n<p>Lo Studio del notaio Carlo Giulio Leopoldo Vismara \u00e8 aperto dal luned\u00ec al venerd\u00ec, dalle ore 9:00 alle ore 13:00 e dalle ore 14:00 alle ore 18:00. Il notaio \u00e8 disponibile per stipule e colloqui anche al di fuori di questi giorni ed orari su appuntamento.<\/p>\n\n\n\n<p>Lo Studio notarile \u00e8 sito nel centro di <strong>Milano<\/strong>, a pochi passi dal Duomo, in <strong>Via Crocefisso 5<\/strong> (CAP 20122), ed \u00e8 facilmente raggiungibile in auto e con i mezzi pubblici.<\/p>\n\n\n\n<div class=\"wp-block-columns is-layout-flex wp-container-core-columns-is-layout-1 wp-block-columns-is-layout-flex\">\n<div class=\"wp-block-column is-layout-flow wp-block-column-is-layout-flow\" style=\"flex-basis:33.33%\">\n<p>Per chi raggiunge lo Studio in auto sono disponibili, all\u2019interno dell\u2019Area C, parcheggi scoperti sulle strisce blu e parcheggi coperti a pagamento in Via Cornaggia, Via Calatafimi e in via Calderon de la Barca.<\/p>\n\n\n\n<p>In alternativa, per chi non volesse entrare in Area C, \u00e8 possibile parcheggiare non lontano dallo Studio sulle strisce blu in Viale Beatrice d\u2019Este e in Via Gian Galeazzo.<\/p>\n\n\n\n<p>Per chi raggiunge lo Studio in metropolitana, le fermate pi\u00f9 vicine sono in <em>Santa Sofia (MM4 &#8211; linea blu)<\/em> e <em>Missori \u00a0(MM3 \u2013 linea gialla)<\/em>.<\/p>\n\n\n\n<p>\u00c8 possibile raggiungere lo studio anche con i mezzi pubblici di superficie: il <em>tram 15<\/em> e l\u2019<em>autobus 94<\/em> fermano in Corso Italia angolo Via Santa Sofia a pochi metri dallo studio.<\/p>\n\n\n\n<div style=\"margin:4em auto;text-align:center;\"><div class=\"backbutton\"><a href=\"\/site\/\" title=\"Torna alla homepage\">Indietro<\/a><\/div><\/div>\n<\/div>\n\n\n\n<div class=\"wp-block-column is-layout-flow wp-block-column-is-layout-flow\" style=\"flex-basis:66.66%\">\n<iframe loading=\"lazy\" src=\"https:\/\/www.google.com\/maps\/embed?pb=!1m18!1m12!1m3!1d2798.6419171663147!2d9.184642617340437!3d45.45687149869379!2m3!1f0!2f0!3f0!3m2!1i1024!2i768!4f13.1!3m3!1m2!1s0x4786c4018c9fec67%3A0x9fffc09c625c24de!2sVia%20Crocefisso%2C%205%2C%2020122%20Milano%20MI!5e0!3m2!1sit!2sit!4v1600106293234!5m2!1sit!2sit\" width=\"800\" height=\"600\" frameborder=\"0\" style=\"border:thick ridge;\" allowfullscreen=\"\" aria-hidden=\"false\" tabindex=\"0\"><\/iframe>\n<\/div>\n<\/div>\n","protected":false},"excerpt":{"rendered":"<p>Lo Studio del notaio Carlo Giulio Leopoldo Vismara \u00e8 aperto dal luned\u00ec al venerd\u00ec, dalle ore 9:00 alle ore 13:00 e dalle ore 14:00 alle ore 18:00. Il notaio \u00e8 disponibile per stipule e colloqui anche al di fuori di questi giorni ed orari su appuntamento. Lo Studio notarile \u00e8 sito nel centro di Milano,<span class=\"post-excerpt-end\">&hellip;<\/span><\/p>\n<p class=\"more-link\"><a href=\"http:\/\/notaiocarlovismara.it\/site\/dove-siamo\/\" class=\"themebutton\">Read More<\/a><\/p>\n","protected":false},"author":1,"featured_media":0,"parent":0,"menu_order":1,"comment_status":"closed","ping_status":"closed","template":"","meta":{"footnotes":""},"class_list":["post-27","page","type-page","status-publish","hentry"],"yoast_head":"<!-- This site is optimized with the Yoast SEO plugin v15.1.1 - https:\/\/yoast.com\/wordpress\/plugins\/seo\/ -->\n<title>Dove siamo | Notaio Carlo Giulio Leopoldo Vismara<\/title>\n<meta name=\"description\" content=\"Il Notaio Carlo Vismara presta servizi notarili, in italiano e inglese, a Milano. Prendi appuntamento scrivendo o telefonando allo Studio notarile Vismara con i recapiti che trovi sul sito.\" \/>\n<meta name=\"robots\" content=\"index, follow, max-snippet:-1, max-image-preview:large, max-video-preview:-1\" \/>\n<link rel=\"canonical\" href=\"https:\/\/notaiocarlovismara.it\/site\/dove-siamo\/\" \/>\n<meta property=\"og:locale\" content=\"it_IT\" \/>\n<meta property=\"og:type\" content=\"article\" \/>\n<meta property=\"og:title\" content=\"Dove siamo | Notaio Carlo Giulio Leopoldo Vismara\" \/>\n<meta property=\"og:description\" content=\"Il Notaio Carlo Vismara presta servizi notarili, in italiano e inglese, a Milano. Prendi appuntamento scrivendo o telefonando allo Studio notarile Vismara con i recapiti che trovi sul sito.\" \/>\n<meta property=\"og:url\" content=\"https:\/\/notaiocarlovismara.it\/site\/dove-siamo\/\" \/>\n<meta property=\"og:site_name\" content=\"Notaio Carlo Giulio Leopoldo Vismara\" \/>\n<meta property=\"article:modified_time\" content=\"2025-01-17T16:54:28+00:00\" \/>\n<meta name=\"twitter:card\" content=\"summary_large_image\" \/>\n<script type=\"application\/ld+json\" class=\"yoast-schema-graph\">{\"@context\":\"https:\/\/schema.org\",\"@graph\":[{\"@type\":\"WebSite\",\"@id\":\"http:\/\/notaiocarlovismara.it\/site\/#website\",\"url\":\"http:\/\/notaiocarlovismara.it\/site\/\",\"name\":\"Notaio Carlo Giulio Leopoldo Vismara\",\"description\":\"Studio notarile sito in Milano\",\"potentialAction\":[{\"@type\":\"SearchAction\",\"target\":\"http:\/\/notaiocarlovismara.it\/site\/?s={search_term_string}\",\"query-input\":\"required name=search_term_string\"}],\"inLanguage\":\"it-IT\"},{\"@type\":\"WebPage\",\"@id\":\"https:\/\/notaiocarlovismara.it\/site\/dove-siamo\/#webpage\",\"url\":\"https:\/\/notaiocarlovismara.it\/site\/dove-siamo\/\",\"name\":\"Dove siamo | Notaio Carlo Giulio Leopoldo Vismara\",\"isPartOf\":{\"@id\":\"http:\/\/notaiocarlovismara.it\/site\/#website\"},\"datePublished\":\"2020-09-14T17:49:06+00:00\",\"dateModified\":\"2025-01-17T16:54:28+00:00\",\"description\":\"Il Notaio Carlo Vismara presta servizi notarili, in italiano e inglese, a Milano. Prendi appuntamento scrivendo o telefonando allo Studio notarile Vismara con i recapiti che trovi sul sito.\",\"inLanguage\":\"it-IT\",\"potentialAction\":[{\"@type\":\"ReadAction\",\"target\":[\"https:\/\/notaiocarlovismara.it\/site\/dove-siamo\/\"]}]}]}<\/script>\n<!-- \/ Yoast SEO plugin. -->","_links":{"self":[{"href":"http:\/\/notaiocarlovismara.it\/site\/wp-json\/wp\/v2\/pages\/27","targetHints":{"allow":["GET"]}}],"collection":[{"href":"http:\/\/notaiocarlovismara.it\/site\/wp-json\/wp\/v2\/pages"}],"about":[{"href":"http:\/\/notaiocarlovismara.it\/site\/wp-json\/wp\/v2\/types\/page"}],"author":[{"embeddable":true,"href":"http:\/\/notaiocarlovismara.it\/site\/wp-json\/wp\/v2\/users\/1"}],"replies":[{"embeddable":true,"href":"http:\/\/notaiocarlovismara.it\/site\/wp-json\/wp\/v2\/comments?post=27"}],"version-history":[{"count":18,"href":"http:\/\/notaiocarlovismara.it\/site\/wp-json\/wp\/v2\/pages\/27\/revisions"}],"predecessor-version":[{"id":148,"href":"http:\/\/notaiocarlovismara.it\/site\/wp-json\/wp\/v2\/pages\/27\/revisions\/148"}],"wp:attachment":[{"href":"http:\/\/notaiocarlovismara.it\/site\/wp-json\/wp\/v2\/media?parent=27"}],"curies":[{"name":"wp","href":"https:\/\/api.w.org\/{rel}","templated":true}]}}