{"id":68,"date":"2020-09-20T12:21:56","date_gmt":"2020-09-20T10:21:56","guid":{"rendered":"http:\/\/notaiocarlovismara.it\/site\/?page_id=68"},"modified":"2020-10-01T23:21:34","modified_gmt":"2020-10-01T21:21:34","slug":"servizi","status":"publish","type":"page","link":"http:\/\/notaiocarlovismara.it\/site\/servizi\/","title":{"rendered":"L\u2019attivit\u00e0 dello Studio"},"content":{"rendered":"\n<div class=\"wp-block-columns is-layout-flex wp-container-core-columns-is-layout-1 wp-block-columns-is-layout-flex\">\n<div class=\"wp-block-column is-layout-flow wp-block-column-is-layout-flow\" style=\"flex-basis:33.33%\">\n<div class=\"wp-block-image\"><figure class=\"aligncenter size-large is-resized\"><img loading=\"lazy\" decoding=\"async\" src=\"http:\/\/notaiocarlovismara.it\/site\/wp-content\/uploads\/2020\/09\/img-repubblica.png\" alt=\"\" class=\"wp-image-69\" width=\"88\" height=\"99\" srcset=\"http:\/\/notaiocarlovismara.it\/site\/wp-content\/uploads\/2020\/09\/img-repubblica.png 386w, http:\/\/notaiocarlovismara.it\/site\/wp-content\/uploads\/2020\/09\/img-repubblica-267x300.png 267w\" sizes=\"auto, (max-width: 88px) 100vw, 88px\" \/><\/figure><\/div>\n\n\n\n<p>Leggi anche <a href=\"http:\/\/notaiocarlovismara.it\/site\/il-notaio\/\">la presentazione<\/a> del notaio Carlo Giulio Leopoldo Vismara o scopri <a href=\"http:\/\/notaiocarlovismara.it\/site\/dove-siamo\/\">come raggiungere<\/a> il nostro Studio.<\/p>\n\n\n\n<div style=\"margin:4em auto;text-align:center;\"><div class=\"backbutton\"><a href=\"\/site\/\" title=\"Torna alla homepage\">Indietro<\/a><\/div><\/div>\n<\/div>\n\n\n\n<div class=\"wp-block-column is-layout-flow wp-block-column-is-layout-flow\" style=\"flex-basis:66.66%\">\n<p><strong>Il ruolo del notaio e le caratteristiche dello Studio notarile<\/strong><\/p>\n\n\n\n<blockquote class=\"wp-block-quote is-layout-flow wp-block-quote-is-layout-flow\"><p><em>I notari sono ufficiali pubblici istituiti per ricevere gli atti tra vivi e di ultima volont\u00e0, attribuire loro pubblica fede, conservarne il deposito, rilasciarne le copie, i certificati e gli estratti<\/em>.<\/p><\/blockquote>\n\n\n\n<p>Cos\u00ec definisce il notaio l\u2019art. 1, primo comma, della legge notarile (legge 16 febbraio 1913 n. 89).<br>La definizione del notaio data dalla legge notarile \u00e8, tuttavia, parziale.<\/p>\n\n\n\n<p>Il notaio non \u00e8 solo un&nbsp;<strong>pubblico ufficiale<\/strong>&nbsp;e, cio\u00e8, un soggetto cui lo Stato attribuisce una pubblica funzione a seguito del superamento di un concorso pubblico, ma \u00e8 anche un&nbsp;<strong>libero professionista<\/strong>, e cio\u00e8 un soggetto che esercita la professione con un\u2019organizzazione di stampo libero professionale e non alle dipendenze dello Stato.<\/p>\n\n\n\n<p>In qualit\u00e0 di pubblico ufficiale il notaio deve essere&nbsp;<em>super partes<\/em>&nbsp;e, quindi, tutelare le parti in egual misura ed ha un\u2019importante funzione di prevenzione della lite, assistendo le persone e gli enti nelle fasi pi\u00f9 importanti della loro vita ed attivit\u00e0.<\/p>\n\n\n\n<p>Il notaio \u00e8 un giurista qualificato nell\u2019ambito del diritto civile, diritto commerciale e diritto tributario, con particolare riguardo alle aree del diritto immobiliare, diritto di famiglia e delle successioni, diritto societario, diritto degli enti e delle persone giuridiche.<\/p>\n\n\n\n<p>Quale responsabile di imposta, il notaio \u00e8 tenuto a riscuotere le imposte collegate a tutti gli atti da lui stipulati (imposte di registro, ipotecarie, catastali, ecc.) e versarle allo Stato, il tutto senza alcun costo di riscossione a carico dello Stato medesimo.<\/p>\n\n\n\n<p>Il nostro Studio si caratterizza per una struttura snella che garantisce al cliente di interfacciarsi direttamente e senza filtri con il notaio. Il notaio dirige e coordina il lavoro dei suoi collaboratori dalla istruttoria della pratica agli adempimenti post stipula.<\/p>\n\n\n\n<p>L\u2019attivit\u00e0 dello Studio \u00e8, pertanto, orientata alla qualit\u00e0 del servizio reso e all\u2019attenzione nei confronti del cliente.<\/p>\n<\/div>\n<\/div>\n","protected":false},"excerpt":{"rendered":"<p>Leggi anche la presentazione del notaio Carlo Giulio Leopoldo Vismara o scopri come raggiungere il nostro Studio. Indietro Il ruolo del notaio e le caratteristiche dello Studio notarile I notari sono ufficiali pubblici istituiti per ricevere gli atti tra vivi e di ultima volont\u00e0, attribuire loro pubblica fede, conservarne il deposito, rilasciarne le copie, i<span class=\"post-excerpt-end\">&hellip;<\/span><\/p>\n<p class=\"more-link\"><a href=\"http:\/\/notaiocarlovismara.it\/site\/servizi\/\" class=\"themebutton\">Read More<\/a><\/p>\n","protected":false},"author":1,"featured_media":0,"parent":0,"menu_order":0,"comment_status":"closed","ping_status":"closed","template":"","meta":{"footnotes":""},"class_list":["post-68","page","type-page","status-publish","hentry"],"yoast_head":"<!-- This site is optimized with the Yoast SEO plugin v15.1.1 - https:\/\/yoast.com\/wordpress\/plugins\/seo\/ -->\n<title>L\u2019attivit\u00e0 dello Studio | Notaio Carlo Giulio Leopoldo Vismara<\/title>\n<meta name=\"description\" content=\"Il Notaio Carlo Vismara presta servizi notarili, in italiano e inglese, a Milano. Prendi appuntamento scrivendo o telefonando allo Studio notarile Vismara con i recapiti che trovi sul sito.\" \/>\n<meta name=\"robots\" content=\"index, follow, max-snippet:-1, max-image-preview:large, max-video-preview:-1\" \/>\n<link rel=\"canonical\" href=\"https:\/\/notaiocarlovismara.it\/site\/servizi\/\" \/>\n<meta property=\"og:locale\" content=\"it_IT\" \/>\n<meta property=\"og:type\" content=\"article\" \/>\n<meta property=\"og:title\" content=\"L\u2019attivit\u00e0 dello Studio | Notaio Carlo Giulio Leopoldo Vismara\" \/>\n<meta property=\"og:description\" content=\"Il Notaio Carlo Vismara presta servizi notarili, in italiano e inglese, a Milano. Prendi appuntamento scrivendo o telefonando allo Studio notarile Vismara con i recapiti che trovi sul sito.\" \/>\n<meta property=\"og:url\" content=\"https:\/\/notaiocarlovismara.it\/site\/servizi\/\" \/>\n<meta property=\"og:site_name\" content=\"Notaio Carlo Giulio Leopoldo Vismara\" \/>\n<meta property=\"article:modified_time\" content=\"2020-10-01T21:21:34+00:00\" \/>\n<meta property=\"og:image\" content=\"http:\/\/notaiocarlovismara.it\/site\/wp-content\/uploads\/2020\/09\/img-repubblica.png\" \/>\n<meta name=\"twitter:card\" content=\"summary_large_image\" \/>\n<script type=\"application\/ld+json\" class=\"yoast-schema-graph\">{\"@context\":\"https:\/\/schema.org\",\"@graph\":[{\"@type\":\"WebSite\",\"@id\":\"http:\/\/notaiocarlovismara.it\/site\/#website\",\"url\":\"http:\/\/notaiocarlovismara.it\/site\/\",\"name\":\"Notaio Carlo Giulio Leopoldo Vismara\",\"description\":\"Studio notarile sito in Milano\",\"potentialAction\":[{\"@type\":\"SearchAction\",\"target\":\"http:\/\/notaiocarlovismara.it\/site\/?s={search_term_string}\",\"query-input\":\"required name=search_term_string\"}],\"inLanguage\":\"it-IT\"},{\"@type\":\"ImageObject\",\"@id\":\"https:\/\/notaiocarlovismara.it\/site\/servizi\/#primaryimage\",\"inLanguage\":\"it-IT\",\"url\":\"http:\/\/notaiocarlovismara.it\/site\/wp-content\/uploads\/2020\/09\/img-repubblica.png\",\"width\":386,\"height\":434},{\"@type\":\"WebPage\",\"@id\":\"https:\/\/notaiocarlovismara.it\/site\/servizi\/#webpage\",\"url\":\"https:\/\/notaiocarlovismara.it\/site\/servizi\/\",\"name\":\"L\\u2019attivit\\u00e0 dello Studio | Notaio Carlo Giulio Leopoldo Vismara\",\"isPartOf\":{\"@id\":\"http:\/\/notaiocarlovismara.it\/site\/#website\"},\"primaryImageOfPage\":{\"@id\":\"https:\/\/notaiocarlovismara.it\/site\/servizi\/#primaryimage\"},\"datePublished\":\"2020-09-20T10:21:56+00:00\",\"dateModified\":\"2020-10-01T21:21:34+00:00\",\"description\":\"Il Notaio Carlo Vismara presta servizi notarili, in italiano e inglese, a Milano. Prendi appuntamento scrivendo o telefonando allo Studio notarile Vismara con i recapiti che trovi sul sito.\",\"inLanguage\":\"it-IT\",\"potentialAction\":[{\"@type\":\"ReadAction\",\"target\":[\"https:\/\/notaiocarlovismara.it\/site\/servizi\/\"]}]}]}<\/script>\n<!-- \/ Yoast SEO plugin. -->","_links":{"self":[{"href":"http:\/\/notaiocarlovismara.it\/site\/wp-json\/wp\/v2\/pages\/68","targetHints":{"allow":["GET"]}}],"collection":[{"href":"http:\/\/notaiocarlovismara.it\/site\/wp-json\/wp\/v2\/pages"}],"about":[{"href":"http:\/\/notaiocarlovismara.it\/site\/wp-json\/wp\/v2\/types\/page"}],"author":[{"embeddable":true,"href":"http:\/\/notaiocarlovismara.it\/site\/wp-json\/wp\/v2\/users\/1"}],"replies":[{"embeddable":true,"href":"http:\/\/notaiocarlovismara.it\/site\/wp-json\/wp\/v2\/comments?post=68"}],"version-history":[{"count":8,"href":"http:\/\/notaiocarlovismara.it\/site\/wp-json\/wp\/v2\/pages\/68\/revisions"}],"predecessor-version":[{"id":99,"href":"http:\/\/notaiocarlovismara.it\/site\/wp-json\/wp\/v2\/pages\/68\/revisions\/99"}],"wp:attachment":[{"href":"http:\/\/notaiocarlovismara.it\/site\/wp-json\/wp\/v2\/media?parent=68"}],"curies":[{"name":"wp","href":"https:\/\/api.w.org\/{rel}","templated":true}]}}